{"id":1000639,"date":"2026-03-30T14:37:00","date_gmt":"2026-03-30T14:37:00","guid":{"rendered":"https:\/\/nadjane.com\/?post_type=product&#038;p=1000639"},"modified":"2026-04-24T14:18:43","modified_gmt":"2026-04-24T14:18:43","slug":"rosy-mist-moroccan-takchita","status":"publish","type":"product","link":"https:\/\/nadjane.com\/fr\/product\/rosy-mist-moroccan-takchita\/","title":{"rendered":"Rosy Mist Moroccan Takchita"},"content":{"rendered":"<p>Une silhouette fluide \u00e0 deux couches construite autour d'une base douce en bois de rose, envelopp\u00e9e d'une couche ext\u00e9rieure diaphane aux tons blush qui diffuse la lumi\u00e8re avec une transparence subtile. La structure int\u00e9rieure reste nette et contr\u00f4l\u00e9e, avec des bords finement finis qui d\u00e9finissent l'encolure et les manches tout en pr\u00e9servant la puret\u00e9 de la ligne.<\/p>\n<p>La couche ext\u00e9rieure introduit du mouvement et de la l\u00e9g\u00e8ret\u00e9, permettant au ton sous-jacent d'appara\u00eetre adouci et lumineux. Sur le devant, un panneau vertical textur\u00e9, enrichi de d\u00e9licats d\u00e9tails frang\u00e9s, cr\u00e9e un contraste et une profondeur, ajoutant une dimension tactile qui accroche la lumi\u00e8re \u00e0 chaque mouvement.<\/p>\n<p>La taille est d\u00e9licatement structur\u00e9e par une ceinture ton sur ton, accentu\u00e9e par des \u00e9l\u00e9ments m\u00e9talliques sculpt\u00e9s qui apportent pr\u00e9cision et \u00e9quilibre \u00e0 la douceur des tissus. Le contraste entre le satin mat et l'organza a\u00e9rien met en valeur la silhouette, cr\u00e9ant une composition \u00e0 la fois solide et a\u00e9rienne.<\/p>\n<p>Les manches larges et fluides et la superposition allong\u00e9e amplifient l'impression de fluidit\u00e9, donnant \u00e0 la pi\u00e8ce une pr\u00e9sence calme et contr\u00f4l\u00e9e o\u00f9 chaque d\u00e9tail est intentionnel et raffin\u00e9.<\/p>","protected":false},"excerpt":{"rendered":"<p>Une silhouette dans les tons de bois de rose, rehauss\u00e9e d'une transparence blush et de franges textur\u00e9es, \u00e9quilibrant la douceur, la structure et la lumi\u00e8re.<\/p>","protected":false},"featured_media":1000640,"comment_status":"closed","ping_status":"closed","template":"","meta":[],"product_brand":[],"product_cat":[69],"product_tag":[],"class_list":{"0":"post-1000639","1":"product","2":"type-product","3":"status-publish","4":"has-post-thumbnail","6":"product_cat-takchita","8":"first","9":"instock","10":"shipping-taxable","11":"purchasable","12":"product-type-simple"},"_links":{"self":[{"href":"https:\/\/nadjane.com\/fr\/wp-json\/wp\/v2\/product\/1000639","targetHints":{"allow":["GET"]}}],"collection":[{"href":"https:\/\/nadjane.com\/fr\/wp-json\/wp\/v2\/product"}],"about":[{"href":"https:\/\/nadjane.com\/fr\/wp-json\/wp\/v2\/types\/product"}],"replies":[{"embeddable":true,"href":"https:\/\/nadjane.com\/fr\/wp-json\/wp\/v2\/comments?post=1000639"}],"wp:featuredmedia":[{"embeddable":true,"href":"https:\/\/nadjane.com\/fr\/wp-json\/wp\/v2\/media\/1000640"}],"wp:attachment":[{"href":"https:\/\/nadjane.com\/fr\/wp-json\/wp\/v2\/media?parent=1000639"}],"wp:term":[{"taxonomy":"product_brand","embeddable":true,"href":"https:\/\/nadjane.com\/fr\/wp-json\/wp\/v2\/product_brand?post=1000639"},{"taxonomy":"product_cat","embeddable":true,"href":"https:\/\/nadjane.com\/fr\/wp-json\/wp\/v2\/product_cat?post=1000639"},{"taxonomy":"product_tag","embeddable":true,"href":"https:\/\/nadjane.com\/fr\/wp-json\/wp\/v2\/product_tag?post=1000639"}],"curies":[{"name":"wp","href":"https:\/\/api.w.org\/{rel}","templated":true}]}}